{"id":30,"date":"2022-01-23T15:06:56","date_gmt":"2022-01-23T15:06:56","guid":{"rendered":"http:\/\/ferienhauswesselburen.net\/?page_id=30"},"modified":"2023-07-31T11:34:23","modified_gmt":"2023-07-31T11:34:23","slug":"wohnung-1","status":"publish","type":"page","link":"http:\/\/ferienhauswesselburen.net\/?page_id=30","title":{"rendered":"Wohnung 1"},"content":{"rendered":"\n<div class=\"wp-block-media-text alignwide has-media-on-the-right is-stacked-on-mobile\" style=\"grid-template-columns:auto 47%\"><div class=\"wp-block-media-text__content\">\n<p><strong>Merkmale<\/strong><br>Lage:&nbsp;S\u00fcd- Westlage und S\u00fcd- Ostlage, Erdgeschoss<br>Gr\u00f6\u00dfe: 96m\u00b2<br>Schlafgelegenheiten: 2 bis 8 Personen<\/p>\n\n\n\n<p><strong>Ausstattung<\/strong><br>Wohnzimmer: TV\/Radio, Schlafcouch<br>Schlafzimmer 1: Doppelbett, Kindergitterbett<br>Schlafzimmer 2 &amp; 3: je 2 Einzelbetten<br>K\u00fcche: 4 Plattenherd mit Backofen, Geschirr, K\u00fchlschrank, Sp\u00fclmaschine, Mikrowelle, Kaffeemaschine, Wasser- und Eierkocher, Handmixer, Kocht\u00f6pfe, Esstisch mit 6 St\u00fchlen<br>Bad: Dusche, Badewanne<br>Terrasse: Sitzgruppe, Grillecke<br>Gefrierschrank im Treppenhaus<\/p>\n<\/div><figure class=\"wp-block-media-text__media\"><img loading=\"lazy\" decoding=\"async\" width=\"451\" height=\"500\" src=\"http:\/\/ferienhauswesselburen.net\/wp-content\/uploads\/2023\/04\/Wohnung-1-Grundriss.gif\" alt=\"\" class=\"wp-image-130 size-full\"\/><\/figure><\/div>\n\n\n\n<p><\/p>\n\n\n\n\t\t<!-- MasterSlider -->\n\t\t<div id=\"P_MS64c7b8dc82254\" class=\"master-slider-parent msl ms-parent-id-1\" style=\"max-width:945px;\">\n\n\t\t\t\n\t\t\t<!-- MasterSlider Main -->\n\t\t\t<div id=\"MS64c7b8dc82254\" class=\"master-slider ms-skin-default\" >\n\t\t\t\t \t\t\t\t \n\t\t\t\t<div  class=\"ms-slide\" data-delay=\"3\" data-fill-mode=\"center\"  >\n\t\t\t\t\t<img decoding=\"async\" src=\"http:\/\/ferienhauswesselburen.net\/wp-content\/plugins\/master-slider\/public\/assets\/css\/blank.gif\" alt=\"\" title=\"\" data-src=\"http:\/\/ferienhauswesselburen.net\/wp-content\/uploads\/2023\/04\/Terasse.jpg\" \/>\n\n\n\t<img decoding=\"async\" class=\"ms-thumb\" src=\"http:\/\/ferienhauswesselburen.net\/wp-content\/uploads\/2023\/04\/Terasse-140x80.jpg\" alt=\"\" \/>\n\t<div class=\"ms-thumb\" ><div class=\"ms-tab-context\"><div class=&quot;ms-tab-context&quot;><\/div><\/div>\n<\/div>\n\t\t\t\t<\/div>\n\t\t\t\t<div  class=\"ms-slide\" data-delay=\"3\" data-fill-mode=\"center\"  >\n\t\t\t\t\t<img decoding=\"async\" src=\"http:\/\/ferienhauswesselburen.net\/wp-content\/plugins\/master-slider\/public\/assets\/css\/blank.gif\" alt=\"\" title=\"\" data-src=\"http:\/\/ferienhauswesselburen.net\/wp-content\/uploads\/2023\/04\/Wohnen-4.jpg\" \/>\n\n\n\t<img decoding=\"async\" class=\"ms-thumb\" src=\"http:\/\/ferienhauswesselburen.net\/wp-content\/uploads\/2023\/04\/Wohnen-4-140x80.jpg\" alt=\"\" \/>\n\t<div class=\"ms-thumb\" ><div class=\"ms-tab-context\"><div class=&quot;ms-tab-context&quot;><\/div><\/div>\n<\/div>\n\t\t\t\t<\/div>\n\t\t\t\t<div  class=\"ms-slide\" data-delay=\"3\" data-fill-mode=\"center\"  >\n\t\t\t\t\t<img decoding=\"async\" src=\"http:\/\/ferienhauswesselburen.net\/wp-content\/plugins\/master-slider\/public\/assets\/css\/blank.gif\" alt=\"\" title=\"\" data-src=\"http:\/\/ferienhauswesselburen.net\/wp-content\/uploads\/2023\/04\/Wohnen-3.jpg\" \/>\n\n\n\t<img decoding=\"async\" class=\"ms-thumb\" src=\"http:\/\/ferienhauswesselburen.net\/wp-content\/uploads\/2023\/04\/Wohnen-3-140x80.jpg\" alt=\"\" \/>\n\t<div class=\"ms-thumb\" ><div class=\"ms-tab-context\"><div class=&quot;ms-tab-context&quot;><\/div><\/div>\n<\/div>\n\t\t\t\t<\/div>\n\t\t\t\t<div  class=\"ms-slide\" data-delay=\"3\" data-fill-mode=\"center\"  >\n\t\t\t\t\t<img decoding=\"async\" src=\"http:\/\/ferienhauswesselburen.net\/wp-content\/plugins\/master-slider\/public\/assets\/css\/blank.gif\" alt=\"\" title=\"\" data-src=\"http:\/\/ferienhauswesselburen.net\/wp-content\/uploads\/2023\/04\/Schlafen-1n.jpg\" \/>\n\n\n\t<img decoding=\"async\" class=\"ms-thumb\" src=\"http:\/\/ferienhauswesselburen.net\/wp-content\/uploads\/2023\/04\/Schlafen-1n-140x80.jpg\" alt=\"\" \/>\n\t<div class=\"ms-thumb\" ><div class=\"ms-tab-context\"><div class=&quot;ms-tab-context&quot;><\/div><\/div>\n<\/div>\n\t\t\t\t<\/div>\n\t\t\t\t<div  class=\"ms-slide\" data-delay=\"3\" data-fill-mode=\"center\"  >\n\t\t\t\t\t<img decoding=\"async\" src=\"http:\/\/ferienhauswesselburen.net\/wp-content\/plugins\/master-slider\/public\/assets\/css\/blank.gif\" alt=\"\" title=\"\" data-src=\"http:\/\/ferienhauswesselburen.net\/wp-content\/uploads\/2023\/04\/Schlafen-2n.jpg\" \/>\n\n\n\t<img decoding=\"async\" class=\"ms-thumb\" src=\"http:\/\/ferienhauswesselburen.net\/wp-content\/uploads\/2023\/04\/Schlafen-2n-140x80.jpg\" alt=\"\" \/>\n\t<div class=\"ms-thumb\" ><div class=\"ms-tab-context\"><div class=&quot;ms-tab-context&quot;><\/div><\/div>\n<\/div>\n\t\t\t\t<\/div>\n\t\t\t\t<div  class=\"ms-slide\" data-delay=\"3\" data-fill-mode=\"fit\"  >\n\t\t\t\t\t<img decoding=\"async\" src=\"http:\/\/ferienhauswesselburen.net\/wp-content\/plugins\/master-slider\/public\/assets\/css\/blank.gif\" alt=\"\" title=\"\" data-src=\"http:\/\/ferienhauswesselburen.net\/wp-content\/uploads\/2023\/07\/WG1_Schlafen3_neu-scaled.jpg\" \/>\n\n\n\t<img decoding=\"async\" class=\"ms-thumb\" src=\"http:\/\/ferienhauswesselburen.net\/wp-content\/uploads\/2023\/07\/WG1_Schlafen3_neu-scaled-140x80.jpg\" alt=\"\" \/>\n\t<div class=\"ms-thumb\" ><div class=\"ms-tab-context\"><div class=&quot;ms-tab-context&quot;><\/div><\/div>\n<\/div>\n\t\t\t\t<\/div>\n\t\t\t\t<div  class=\"ms-slide\" data-delay=\"3\" data-fill-mode=\"fit\"  >\n\t\t\t\t\t<img decoding=\"async\" src=\"http:\/\/ferienhauswesselburen.net\/wp-content\/plugins\/master-slider\/public\/assets\/css\/blank.gif\" alt=\"\" title=\"\" data-src=\"http:\/\/ferienhauswesselburen.net\/wp-content\/uploads\/2023\/07\/WG1_Schlafen33_neu-scaled.jpg\" \/>\n\n\n\t<img decoding=\"async\" class=\"ms-thumb\" src=\"http:\/\/ferienhauswesselburen.net\/wp-content\/uploads\/2023\/07\/WG1_Schlafen33_neu-scaled-140x80.jpg\" alt=\"\" \/>\n\t<div class=\"ms-thumb\" ><div class=\"ms-tab-context\"><div class=&quot;ms-tab-context&quot;><\/div><\/div>\n<\/div>\n\t\t\t\t<\/div>\n\t\t\t\t<div  class=\"ms-slide\" data-delay=\"3\" data-fill-mode=\"fit\"  >\n\t\t\t\t\t<img decoding=\"async\" src=\"http:\/\/ferienhauswesselburen.net\/wp-content\/plugins\/master-slider\/public\/assets\/css\/blank.gif\" alt=\"\" title=\"\" data-src=\"http:\/\/ferienhauswesselburen.net\/wp-content\/uploads\/2023\/07\/WG1_Bad1-scaled.jpg\" \/>\n\n\n\t<img decoding=\"async\" class=\"ms-thumb\" src=\"http:\/\/ferienhauswesselburen.net\/wp-content\/uploads\/2023\/07\/WG1_Bad1-scaled-140x80.jpg\" alt=\"\" \/>\n\t<div class=\"ms-thumb\" ><div class=\"ms-tab-context\"><div class=&quot;ms-tab-context&quot;><\/div><\/div>\n<\/div>\n\t\t\t\t<\/div>\n\t\t\t\t<div  class=\"ms-slide\" data-delay=\"3\" data-fill-mode=\"fit\"  >\n\t\t\t\t\t<img decoding=\"async\" src=\"http:\/\/ferienhauswesselburen.net\/wp-content\/plugins\/master-slider\/public\/assets\/css\/blank.gif\" alt=\"\" title=\"\" data-src=\"http:\/\/ferienhauswesselburen.net\/wp-content\/uploads\/2023\/07\/WG1_Bad2-scaled.jpg\" \/>\n\n\n\t<img decoding=\"async\" class=\"ms-thumb\" src=\"http:\/\/ferienhauswesselburen.net\/wp-content\/uploads\/2023\/07\/WG1_Bad2-scaled-140x80.jpg\" alt=\"\" \/>\n\t<div class=\"ms-thumb\" ><div class=\"ms-tab-context\"><div class=&quot;ms-tab-context&quot;><\/div><\/div>\n<\/div>\n\t\t\t\t<\/div>\n\t\t\t\t<div  class=\"ms-slide\" data-delay=\"3\" data-fill-mode=\"fit\"  >\n\t\t\t\t\t<img decoding=\"async\" src=\"http:\/\/ferienhauswesselburen.net\/wp-content\/plugins\/master-slider\/public\/assets\/css\/blank.gif\" alt=\"\" title=\"\" data-src=\"http:\/\/ferienhauswesselburen.net\/wp-content\/uploads\/2023\/07\/WG1_Kueche1-scaled.jpg\" \/>\n\n\n\t<img decoding=\"async\" class=\"ms-thumb\" src=\"http:\/\/ferienhauswesselburen.net\/wp-content\/uploads\/2023\/07\/WG1_Kueche1-scaled-140x80.jpg\" alt=\"\" \/>\n\t<div class=\"ms-thumb\" ><div class=\"ms-tab-context\"><div class=&quot;ms-tab-context&quot;><\/div><\/div>\n<\/div>\n\t\t\t\t<\/div>\n\t\t\t\t<div  class=\"ms-slide\" data-delay=\"3\" data-fill-mode=\"fit\"  >\n\t\t\t\t\t<img decoding=\"async\" src=\"http:\/\/ferienhauswesselburen.net\/wp-content\/plugins\/master-slider\/public\/assets\/css\/blank.gif\" alt=\"\" title=\"\" data-src=\"http:\/\/ferienhauswesselburen.net\/wp-content\/uploads\/2023\/07\/WG1_Kueche2-scaled.jpg\" \/>\n\n\n\t<img decoding=\"async\" class=\"ms-thumb\" src=\"http:\/\/ferienhauswesselburen.net\/wp-content\/uploads\/2023\/07\/WG1_Kueche2-scaled-140x80.jpg\" alt=\"\" \/>\n\t<div class=\"ms-thumb\" ><div class=\"ms-tab-context\"><div class=&quot;ms-tab-context&quot;><\/div><\/div>\n<\/div>\n\t\t\t\t<\/div>\n\n\t\t\t<\/div>\n\t\t\t<!-- END MasterSlider Main -->\n\n\t\t\t \n\t\t<\/div>\n\t\t<!-- END MasterSlider -->\n\n\t\t<script>\n\t\t(function ( $ ) {\n\t\t\t\"use strict\";\n\n\t\t\t$(function () {\n\t\t\t\tvar masterslider_2254 = new MasterSlider();\n\n\t\t\t\t\/\/ slider controls\n\t\t\t\tmasterslider_2254.control('arrows'     ,{ autohide:false, overVideo:true  });\t\t\t\tmasterslider_2254.control('bullets'    ,{ autohide:false, overVideo:true, dir:'h', align:'bottom' , margin:10  });\n\n\t\t\t\tmasterslider_2254.control('thumblist'  ,{ autohide:false, overVideo:true, dir:'v', speed:17, inset:false, arrows:false, hover:false, customClass:'', align:'right',type:'thumbs', margin:5, width:140, height:80, space:5, fillMode:'fill'  });\n\t\t\t\t\/\/ slider setup\n\t\t\t\tmasterslider_2254.setup(\"MS64c7b8dc82254\", {\n\t\t\t\t\t\twidth           : 800,\n\t\t\t\t\t\theight          : 480,\n\t\t\t\t\t\tminHeight       : 0,\n\t\t\t\t\t\tspace           : 0,\n\t\t\t\t\t\tstart           : 1,\n\t\t\t\t\t\tgrabCursor      : true,\n\t\t\t\t\t\tswipe           : true,\n\t\t\t\t\t\tmouse           : true,\n\t\t\t\t\t\tlayout          : \"boxed\",\n\t\t\t\t\t\twheel           : false,\n\t\t\t\t\t\tautoplay        : false,\n\t\t\t\t\t\tinstantStartLayers:false,\n\t\t\t\t\t\tloop            : true,\n\t\t\t\t\t\tshuffle         : false,\n\t\t\t\t\t\tpreload         : 0,\n\t\t\t\t\t\theightLimit     : true,\n\t\t\t\t\t\tautoHeight      : false,\n\t\t\t\t\t\tsmoothHeight    : true,\n\t\t\t\t\t\tendPause        : false,\n\t\t\t\t\t\toverPause       : true,\n\t\t\t\t\t\tfillMode        : \"fill\",\n\t\t\t\t\t\tcenterControls  : true,\n\t\t\t\t\t\tstartOnAppear   : false,\n\t\t\t\t\t\tlayersMode      : \"center\",\n\t\t\t\t\t\thideLayers      : false,\n\t\t\t\t\t\tfullscreenMargin: 0,\n\t\t\t\t\t\tspeed           : 20,\n\t\t\t\t\t\tdir             : \"h\",\n\t\t\t\t\t\tparallaxMode    : 'swipe',\n\t\t\t\t\t\tview            : \"basic\"\n\t\t\t\t});\n\n\t\t\t\t\n\t\t\t\twindow.masterslider_instances = window.masterslider_instances || [];\n\t\t\t\twindow.masterslider_instances.push( masterslider_2254 );\n\t\t\t });\n\n\t\t})(jQuery);\n\t\t<\/script>\n\n\n\n\n\n<p><\/p>\n\n\n\n<h2 class=\"wp-block-heading\">Preisliste<\/h2>\n\n\n\n<figure class=\"wp-block-table is-style-stripes\"><table><tbody><tr><td><strong>Saison<\/strong><\/td><td><strong>Preise pro Woche<\/strong><\/td><td><strong>Preise pro Tag<\/strong><\/td><\/tr><tr><td><strong>Vorsaison<br>15.03. &#8211; 15.06.<\/strong><\/td><td>511,00 \u20ac<\/td><td>73,00 \u20ac<\/td><\/tr><tr><td><strong>Ostern<br>18.03. &#8211; 03.04.<\/strong><\/td><td>546,00 \u20ac<\/td><td>78,00 \u20ac<\/td><\/tr><tr><td><strong>Hauptsaison<br>15.06. &#8211; 15.09.<\/strong><\/td><td>546,00 \u20ac<\/td><td>78,00 \u20ac<\/td><\/tr><tr><td><strong>Nachsaison<br>15.09. &#8211; 31.10.<\/strong><\/td><td>511,00 \u20ac<\/td><td>73,00 \u20ac<\/td><\/tr><tr><td><strong>Weihnachten<br>20.12. &#8211; 06.01.<\/strong><\/td><td>546,00 \u20ac<\/td><td>78,00 \u20ac<\/td><\/tr><tr><td><strong>\u00dcbrige Zeit<\/strong><\/td><td>504,00 \u20ac<\/td><td>72,00 \u20ac<\/td><\/tr><\/tbody><\/table><\/figure>\n\n\n\n<h2 class=\"wp-block-heading\">Anmerkungen zur Preisliste<\/h2>\n\n\n\n<ul class=\"wp-block-list\">\n<li>Ankauf und Bezahlung von Briefmarken, M\u00fcnzen und anderen Werten vor Ort durch den Eigent\u00fcmer nach Absprache vor der Anreise m\u00f6glich.<\/li>\n\n\n\n<li>F\u00fcr die Stornierung einer Festbuchung erlauben wir uns folgende Betr\u00e4ge einzubehalten:\n<ul class=\"wp-block-list\">\n<li>bis 4 Wochen vor der Anreise: Kostenfrei<\/li>\n\n\n\n<li>ab 4 Wochen vor der Anreise: 50% des Gesamtpreises<\/li>\n\n\n\n<li>ab 2 Wochen vor der Anreise: 70% des Gesamtpreises<\/li>\n\n\n\n<li>ab 3 Tage vor der Anreise: 100% des Gesamtpreises<\/li>\n<\/ul>\n<\/li>\n\n\n\n<li>Diese Unterkunft kann f\u00fcr 2 weitere Personen mit 10\u20ac je Tag und Person&nbsp;aufgebettet werden.<\/li>\n\n\n\n<li>Einen Preisnachlass geben wir ab 21 Tage 5% und 28 Tage 7% auf den Mietpreis.<\/li>\n\n\n\n<li>Eine Anmietung unter 4 Tagen ist nicht m\u00f6glich.<\/li>\n\n\n\n<li>Hunde sind erlaubt, kosten jedoch Pauschal 20\u20ac Aufpreis je Anmietung.<\/li>\n\n\n\n<li>Die Anreise kann ab 16 Uhr erfolgen. Bitte reisen Sie bis 11 Uhr des letzten Tages ab.<\/li>\n<\/ul>\n\n\n\n<p><\/p>\n\n\n\n<h2 class=\"wp-block-heading\">Anmerkung zur Zahlung<\/h2>\n\n\n\n<p>Damit DM, M\u00fcnzen und Briefmarken aller Art nicht in Vergessenheit geraten &#8211; denn sie sind ein St\u00fcck Geschichte &#8211; k\u00f6nnen Sie sich mit diesem Wert auch Ihren Urlaub finanzieren. Ich bin selbst Sammler und w\u00fcrde \u00fcberz\u00e4hliges Material auch ankaufen.<\/p>\n","protected":false},"excerpt":{"rendered":"<p>MerkmaleLage:&nbsp;S\u00fcd- Westlage und S\u00fcd- Ostlage, ErdgeschossGr\u00f6\u00dfe: 96m\u00b2Schlafgelegenheiten: 2 bis 8 Personen AusstattungWohnzimmer: TV\/Radio, SchlafcouchSchlafzimmer 1: Doppelbett, KindergitterbettSchlafzimmer 2 &amp; 3: je 2 EinzelbettenK\u00fcche: 4 Plattenherd mit Backofen, Geschirr, K\u00fchlschrank, Sp\u00fclmaschine, Mikrowelle, Kaffeemaschine, Wasser- und Eierkocher, Handmixer, Kocht\u00f6pfe, Esstisch mit 6 St\u00fchlenBad: Dusche, BadewanneTerrasse: Sitzgruppe, GrilleckeGefrierschrank im Treppenhaus Preisliste Saison Preise pro Woche Preise pro Tag [&hellip;]<\/p>\n<p class=\"more-link style2\"><a href=\"http:\/\/ferienhauswesselburen.net\/?page_id=30\"  class=\"themebutton\"><span class=\"more-text\">READ MORE<\/span><span class=\"more-icon\"><i class=\"fa fa-angle-right fa-lg\"><\/i><\/span><\/a><\/p>\n","protected":false},"author":1,"featured_media":0,"parent":8,"menu_order":1,"comment_status":"closed","ping_status":"closed","template":"","meta":{"footnotes":""},"categories":[],"tags":[],"class_list":["post-30","page","type-page","status-publish","hentry"],"_links":{"self":[{"href":"http:\/\/ferienhauswesselburen.net\/index.php?rest_route=\/wp\/v2\/pages\/30","targetHints":{"allow":["GET"]}}],"collection":[{"href":"http:\/\/ferienhauswesselburen.net\/index.php?rest_route=\/wp\/v2\/pages"}],"about":[{"href":"http:\/\/ferienhauswesselburen.net\/index.php?rest_route=\/wp\/v2\/types\/page"}],"author":[{"embeddable":true,"href":"http:\/\/ferienhauswesselburen.net\/index.php?rest_route=\/wp\/v2\/users\/1"}],"replies":[{"embeddable":true,"href":"http:\/\/ferienhauswesselburen.net\/index.php?rest_route=%2Fwp%2Fv2%2Fcomments&post=30"}],"version-history":[{"count":15,"href":"http:\/\/ferienhauswesselburen.net\/index.php?rest_route=\/wp\/v2\/pages\/30\/revisions"}],"predecessor-version":[{"id":214,"href":"http:\/\/ferienhauswesselburen.net\/index.php?rest_route=\/wp\/v2\/pages\/30\/revisions\/214"}],"up":[{"embeddable":true,"href":"http:\/\/ferienhauswesselburen.net\/index.php?rest_route=\/wp\/v2\/pages\/8"}],"wp:attachment":[{"href":"http:\/\/ferienhauswesselburen.net\/index.php?rest_route=%2Fwp%2Fv2%2Fmedia&parent=30"}],"wp:term":[{"taxonomy":"category","embeddable":true,"href":"http:\/\/ferienhauswesselburen.net\/index.php?rest_route=%2Fwp%2Fv2%2Fcategories&post=30"},{"taxonomy":"post_tag","embeddable":true,"href":"http:\/\/ferienhauswesselburen.net\/index.php?rest_route=%2Fwp%2Fv2%2Ftags&post=30"}],"curies":[{"name":"wp","href":"https:\/\/api.w.org\/{rel}","templated":true}]}}