{"id":7,"date":"2022-01-23T14:16:08","date_gmt":"2022-01-23T14:16:08","guid":{"rendered":"http:\/\/ferienhauswesselburen.net\/?page_id=7"},"modified":"2023-04-11T11:49:32","modified_gmt":"2023-04-11T11:49:32","slug":"willkommen","status":"publish","type":"page","link":"http:\/\/ferienhauswesselburen.net\/","title":{"rendered":"Willkommen!"},"content":{"rendered":"\n<div class=\"wp-block-columns is-layout-flex wp-container-core-columns-is-layout-9d6595d7 wp-block-columns-is-layout-flex\">\n<div class=\"wp-block-column is-layout-flow wp-block-column-is-layout-flow\">\n<p><strong>Herzlich Willkommen im Ferienhaus Raddatz!<\/strong><br>Machen Sie Urlaub an der Nordsee in einer unserer wundersch\u00f6nen Ferienwohnungen in Wesselburen im Kreis Dithmarschen.<\/p>\n\n\n\n<p>Wichtig f\u00fcr Firmen: Wir stellen Ihnen eine Rechnung mit ausgewiesener MwSt.!<br><br>F\u00fcr mehr Informationen schauen Sie sich in der Navigation unter &#8222;Ferienwohnungen&#8220; genauer um. F\u00fcr Reservierung, Buchung oder Fragen stehen wir Ihnen jederzeit <a href=\"http:\/\/ferienhauswesselburen.net\/?page_id=10\" data-type=\"page\" data-id=\"10\">hier<\/a> zur Verf\u00fcgung!<\/p>\n<\/div>\n\n\n\n<div class=\"wp-block-column is-layout-flow wp-block-column-is-layout-flow\">\n<p><\/p>\n\n\n<div class=\"wp-block-image is-style-default\">\n<figure class=\"aligncenter size-large is-resized\"><img loading=\"lazy\" decoding=\"async\" src=\"http:\/\/ferienhauswesselburen.net\/wp-content\/uploads\/2022\/01\/IMG-20190519-WA0011-1024x576.jpg\" alt=\"\" class=\"wp-image-40\" width=\"441\" height=\"247\" srcset=\"http:\/\/ferienhauswesselburen.net\/wp-content\/uploads\/2022\/01\/IMG-20190519-WA0011-1024x576.jpg 1024w, http:\/\/ferienhauswesselburen.net\/wp-content\/uploads\/2022\/01\/IMG-20190519-WA0011-300x169.jpg 300w, http:\/\/ferienhauswesselburen.net\/wp-content\/uploads\/2022\/01\/IMG-20190519-WA0011-768x432.jpg 768w, http:\/\/ferienhauswesselburen.net\/wp-content\/uploads\/2022\/01\/IMG-20190519-WA0011-1536x864.jpg 1536w, http:\/\/ferienhauswesselburen.net\/wp-content\/uploads\/2022\/01\/IMG-20190519-WA0011.jpg 1600w\" sizes=\"auto, (max-width: 441px) 100vw, 441px\" \/><\/figure>\n<\/div><\/div>\n<\/div>\n\n\n\n<div class=\"wp-block-columns is-layout-flex wp-container-core-columns-is-layout-9d6595d7 wp-block-columns-is-layout-flex\">\n<div class=\"wp-block-column is-layout-flow wp-block-column-is-layout-flow\">\n<figure class=\"wp-block-image size-large\"><img loading=\"lazy\" decoding=\"async\" width=\"1024\" height=\"576\" src=\"http:\/\/ferienhauswesselburen.net\/wp-content\/uploads\/2022\/01\/IMG-20190519-WA0012-1024x576.jpg\" alt=\"\" class=\"wp-image-41\" srcset=\"http:\/\/ferienhauswesselburen.net\/wp-content\/uploads\/2022\/01\/IMG-20190519-WA0012-1024x576.jpg 1024w, http:\/\/ferienhauswesselburen.net\/wp-content\/uploads\/2022\/01\/IMG-20190519-WA0012-300x169.jpg 300w, http:\/\/ferienhauswesselburen.net\/wp-content\/uploads\/2022\/01\/IMG-20190519-WA0012-768x432.jpg 768w, http:\/\/ferienhauswesselburen.net\/wp-content\/uploads\/2022\/01\/IMG-20190519-WA0012-1536x864.jpg 1536w, http:\/\/ferienhauswesselburen.net\/wp-content\/uploads\/2022\/01\/IMG-20190519-WA0012.jpg 1600w\" sizes=\"auto, (max-width: 1024px) 100vw, 1024px\" \/><\/figure>\n<\/div>\n\n\n\n<div class=\"wp-block-column is-layout-flow wp-block-column-is-layout-flow\">\n<p>Lassen Sie sich von der erfrischenden Meerluft und den charakteristischen Landschaften verzaubern.<br><br><strong>Radfahren und Mountainbiking, (Wind-) Surfen und Parasailing, Wander- und Segwaytouren<\/strong> und vieles Mehr!<br><br>Lassen Sie sich von der Vielfalt der Nordseek\u00fcste inspirieren und genie\u00dfen Sie Ihren Aufenthalt.<br><\/p>\n<\/div>\n<\/div>\n\n\n\n<p><\/p>\n","protected":false},"excerpt":{"rendered":"<p>Herzlich Willkommen im Ferienhaus Raddatz!Machen Sie Urlaub an der Nordsee in einer unserer wundersch\u00f6nen Ferienwohnungen in Wesselburen im Kreis Dithmarschen. Wichtig f\u00fcr Firmen: Wir stellen Ihnen eine Rechnung mit ausgewiesener MwSt.! F\u00fcr mehr Informationen schauen Sie sich in der Navigation unter &#8222;Ferienwohnungen&#8220; genauer um. F\u00fcr Reservierung, Buchung oder Fragen stehen wir Ihnen jederzeit hier zur [&hellip;]<\/p>\n<p class=\"more-link style2\"><a href=\"http:\/\/ferienhauswesselburen.net\/\"  class=\"themebutton\"><span class=\"more-text\">READ MORE<\/span><span class=\"more-icon\"><i class=\"fa fa-angle-right fa-lg\"><\/i><\/span><\/a><\/p>\n","protected":false},"author":1,"featured_media":0,"parent":0,"menu_order":0,"comment_status":"closed","ping_status":"closed","template":"","meta":{"footnotes":""},"categories":[],"tags":[],"class_list":["post-7","page","type-page","status-publish","hentry"],"_links":{"self":[{"href":"http:\/\/ferienhauswesselburen.net\/index.php?rest_route=\/wp\/v2\/pages\/7","targetHints":{"allow":["GET"]}}],"collection":[{"href":"http:\/\/ferienhauswesselburen.net\/index.php?rest_route=\/wp\/v2\/pages"}],"about":[{"href":"http:\/\/ferienhauswesselburen.net\/index.php?rest_route=\/wp\/v2\/types\/page"}],"author":[{"embeddable":true,"href":"http:\/\/ferienhauswesselburen.net\/index.php?rest_route=\/wp\/v2\/users\/1"}],"replies":[{"embeddable":true,"href":"http:\/\/ferienhauswesselburen.net\/index.php?rest_route=%2Fwp%2Fv2%2Fcomments&post=7"}],"version-history":[{"count":12,"href":"http:\/\/ferienhauswesselburen.net\/index.php?rest_route=\/wp\/v2\/pages\/7\/revisions"}],"predecessor-version":[{"id":124,"href":"http:\/\/ferienhauswesselburen.net\/index.php?rest_route=\/wp\/v2\/pages\/7\/revisions\/124"}],"wp:attachment":[{"href":"http:\/\/ferienhauswesselburen.net\/index.php?rest_route=%2Fwp%2Fv2%2Fmedia&parent=7"}],"wp:term":[{"taxonomy":"category","embeddable":true,"href":"http:\/\/ferienhauswesselburen.net\/index.php?rest_route=%2Fwp%2Fv2%2Fcategories&post=7"},{"taxonomy":"post_tag","embeddable":true,"href":"http:\/\/ferienhauswesselburen.net\/index.php?rest_route=%2Fwp%2Fv2%2Ftags&post=7"}],"curies":[{"name":"wp","href":"https:\/\/api.w.org\/{rel}","templated":true}]}}