{"id":8,"date":"2022-01-23T14:16:08","date_gmt":"2022-01-23T14:16:08","guid":{"rendered":"http:\/\/ferienhauswesselburen.net\/?page_id=8"},"modified":"2023-04-11T11:28:43","modified_gmt":"2023-04-11T11:28:43","slug":"ferienwohnungen","status":"publish","type":"page","link":"http:\/\/ferienhauswesselburen.net\/?page_id=8","title":{"rendered":"Ferienwohnungen"},"content":{"rendered":"\n<h2 class=\"wp-block-heading\"><\/h2>\n\n\n\n<div class=\"wp-block-media-text alignwide is-stacked-on-mobile\" style=\"grid-template-columns:15% auto\"><figure class=\"wp-block-media-text__media\"><img loading=\"lazy\" decoding=\"async\" width=\"897\" height=\"1024\" src=\"http:\/\/ferienhauswesselburen.net\/wp-content\/uploads\/2023\/04\/washing-machine-534745-897x1024.png\" alt=\"\" class=\"wp-image-109 size-full\" srcset=\"http:\/\/ferienhauswesselburen.net\/wp-content\/uploads\/2023\/04\/washing-machine-534745-897x1024.png 897w, http:\/\/ferienhauswesselburen.net\/wp-content\/uploads\/2023\/04\/washing-machine-534745-263x300.png 263w, http:\/\/ferienhauswesselburen.net\/wp-content\/uploads\/2023\/04\/washing-machine-534745-768x877.png 768w, http:\/\/ferienhauswesselburen.net\/wp-content\/uploads\/2023\/04\/washing-machine-534745-1346x1536.png 1346w, http:\/\/ferienhauswesselburen.net\/wp-content\/uploads\/2023\/04\/washing-machine-534745.png 1682w\" sizes=\"auto, (max-width: 897px) 100vw, 897px\" \/><\/figure><div class=\"wp-block-media-text__content\">\n<p>Waschmaschine und Trockner stehen zur gemeinschaftlichen Nutzung in einem abgetrennten Bereich zur Verf\u00fcgung! Die Nutzung erfolgt gegen eine Geb\u00fchr.<\/p>\n<\/div><\/div>\n\n\n\n<div style=\"height:60px\" aria-hidden=\"true\" class=\"wp-block-spacer\"><\/div>\n\n\n\n<div class=\"wp-block-media-text alignwide is-stacked-on-mobile\" style=\"grid-template-columns:15% auto\"><figure class=\"wp-block-media-text__media\"><img loading=\"lazy\" decoding=\"async\" width=\"1024\" height=\"739\" src=\"http:\/\/ferienhauswesselburen.net\/wp-content\/uploads\/2023\/04\/wifi-1290667-1024x739.png\" alt=\"\" class=\"wp-image-108 size-full\" srcset=\"http:\/\/ferienhauswesselburen.net\/wp-content\/uploads\/2023\/04\/wifi-1290667-1024x739.png 1024w, http:\/\/ferienhauswesselburen.net\/wp-content\/uploads\/2023\/04\/wifi-1290667-300x217.png 300w, http:\/\/ferienhauswesselburen.net\/wp-content\/uploads\/2023\/04\/wifi-1290667-768x554.png 768w, http:\/\/ferienhauswesselburen.net\/wp-content\/uploads\/2023\/04\/wifi-1290667-1536x1109.png 1536w, http:\/\/ferienhauswesselburen.net\/wp-content\/uploads\/2023\/04\/wifi-1290667.png 1920w\" sizes=\"auto, (max-width: 1024px) 100vw, 1024px\" \/><\/figure><div class=\"wp-block-media-text__content\">\n<p>WLAN ist im Haus verf\u00fcgbar und kann kosten frei genutzt werden. Die Zugangsdaten finden Sie auf einem Infoblatt in der Wohnung.<\/p>\n<\/div><\/div>\n\n\n\n<div style=\"height:60px\" aria-hidden=\"true\" class=\"wp-block-spacer\"><\/div>\n\n\n\n<div class=\"wp-block-media-text alignwide is-stacked-on-mobile\" style=\"grid-template-columns:15% auto\"><figure class=\"wp-block-media-text__media\"><img loading=\"lazy\" decoding=\"async\" width=\"1024\" height=\"1024\" src=\"http:\/\/ferienhauswesselburen.net\/wp-content\/uploads\/2023\/04\/parking-39771-1024x1024.png\" alt=\"\" class=\"wp-image-110 size-full\" srcset=\"http:\/\/ferienhauswesselburen.net\/wp-content\/uploads\/2023\/04\/parking-39771-1024x1024.png 1024w, http:\/\/ferienhauswesselburen.net\/wp-content\/uploads\/2023\/04\/parking-39771-300x300.png 300w, http:\/\/ferienhauswesselburen.net\/wp-content\/uploads\/2023\/04\/parking-39771-150x150.png 150w, http:\/\/ferienhauswesselburen.net\/wp-content\/uploads\/2023\/04\/parking-39771-768x768.png 768w, http:\/\/ferienhauswesselburen.net\/wp-content\/uploads\/2023\/04\/parking-39771-1536x1536.png 1536w, http:\/\/ferienhauswesselburen.net\/wp-content\/uploads\/2023\/04\/parking-39771-53x53.png 53w, http:\/\/ferienhauswesselburen.net\/wp-content\/uploads\/2023\/04\/parking-39771-570x570.png 570w, http:\/\/ferienhauswesselburen.net\/wp-content\/uploads\/2023\/04\/parking-39771-380x380.png 380w, http:\/\/ferienhauswesselburen.net\/wp-content\/uploads\/2023\/04\/parking-39771-285x285.png 285w, http:\/\/ferienhauswesselburen.net\/wp-content\/uploads\/2023\/04\/parking-39771.png 1920w\" sizes=\"auto, (max-width: 1024px) 100vw, 1024px\" \/><\/figure><div class=\"wp-block-media-text__content\">\n<p>PKW Stellpl\u00e4tze stehen auf dem Grundst\u00fcck zur Verf\u00fcgung.<\/p>\n<\/div><\/div>\n\n\n\n<div style=\"height:60px\" aria-hidden=\"true\" class=\"wp-block-spacer\"><\/div>\n\n\n\n<div class=\"wp-block-media-text alignwide is-stacked-on-mobile\" style=\"grid-template-columns:15% auto\"><figure class=\"wp-block-media-text__media\"><img loading=\"lazy\" decoding=\"async\" width=\"1024\" height=\"902\" src=\"http:\/\/ferienhauswesselburen.net\/wp-content\/uploads\/2023\/04\/heart-2766277-1024x902.png\" alt=\"\" class=\"wp-image-113 size-full\" srcset=\"http:\/\/ferienhauswesselburen.net\/wp-content\/uploads\/2023\/04\/heart-2766277-1024x902.png 1024w, http:\/\/ferienhauswesselburen.net\/wp-content\/uploads\/2023\/04\/heart-2766277-300x264.png 300w, http:\/\/ferienhauswesselburen.net\/wp-content\/uploads\/2023\/04\/heart-2766277-768x676.png 768w, http:\/\/ferienhauswesselburen.net\/wp-content\/uploads\/2023\/04\/heart-2766277-1536x1353.png 1536w, http:\/\/ferienhauswesselburen.net\/wp-content\/uploads\/2023\/04\/heart-2766277.png 1920w\" sizes=\"auto, (max-width: 1024px) 100vw, 1024px\" \/><\/figure><div class=\"wp-block-media-text__content\">\n<p>Das mitbringen von Hunden ist erlaubt. Je Anmietung wird daf\u00fcr eine Geb\u00fchr f\u00e4llig (siehe Kostenaufstellung der jew. Wohnung).<\/p>\n<\/div><\/div>\n","protected":false},"excerpt":{"rendered":"<p>Waschmaschine und Trockner stehen zur gemeinschaftlichen Nutzung in einem abgetrennten Bereich zur Verf\u00fcgung! Die Nutzung erfolgt gegen eine Geb\u00fchr. WLAN ist im Haus verf\u00fcgbar und kann kosten frei genutzt werden. Die Zugangsdaten finden Sie auf einem Infoblatt in der Wohnung. PKW Stellpl\u00e4tze stehen auf dem Grundst\u00fcck zur Verf\u00fcgung. Das mitbringen von Hunden ist erlaubt. Je [&hellip;]<\/p>\n<p class=\"more-link style2\"><a href=\"http:\/\/ferienhauswesselburen.net\/?page_id=8\"  class=\"themebutton\"><span class=\"more-text\">READ MORE<\/span><span class=\"more-icon\"><i class=\"fa fa-angle-right fa-lg\"><\/i><\/span><\/a><\/p>\n","protected":false},"author":1,"featured_media":0,"parent":0,"menu_order":0,"comment_status":"closed","ping_status":"closed","template":"","meta":{"footnotes":""},"categories":[],"tags":[],"class_list":["post-8","page","type-page","status-publish","hentry"],"_links":{"self":[{"href":"http:\/\/ferienhauswesselburen.net\/index.php?rest_route=\/wp\/v2\/pages\/8","targetHints":{"allow":["GET"]}}],"collection":[{"href":"http:\/\/ferienhauswesselburen.net\/index.php?rest_route=\/wp\/v2\/pages"}],"about":[{"href":"http:\/\/ferienhauswesselburen.net\/index.php?rest_route=\/wp\/v2\/types\/page"}],"author":[{"embeddable":true,"href":"http:\/\/ferienhauswesselburen.net\/index.php?rest_route=\/wp\/v2\/users\/1"}],"replies":[{"embeddable":true,"href":"http:\/\/ferienhauswesselburen.net\/index.php?rest_route=%2Fwp%2Fv2%2Fcomments&post=8"}],"version-history":[{"count":5,"href":"http:\/\/ferienhauswesselburen.net\/index.php?rest_route=\/wp\/v2\/pages\/8\/revisions"}],"predecessor-version":[{"id":118,"href":"http:\/\/ferienhauswesselburen.net\/index.php?rest_route=\/wp\/v2\/pages\/8\/revisions\/118"}],"wp:attachment":[{"href":"http:\/\/ferienhauswesselburen.net\/index.php?rest_route=%2Fwp%2Fv2%2Fmedia&parent=8"}],"wp:term":[{"taxonomy":"category","embeddable":true,"href":"http:\/\/ferienhauswesselburen.net\/index.php?rest_route=%2Fwp%2Fv2%2Fcategories&post=8"},{"taxonomy":"post_tag","embeddable":true,"href":"http:\/\/ferienhauswesselburen.net\/index.php?rest_route=%2Fwp%2Fv2%2Ftags&post=8"}],"curies":[{"name":"wp","href":"https:\/\/api.w.org\/{rel}","templated":true}]}}